{"id":1419,"date":"2016-02-12T08:12:49","date_gmt":"2016-02-12T08:12:49","guid":{"rendered":"http:\/\/demos.famethemes.com\/onepress\/?page_id=23"},"modified":"2023-05-06T09:01:42","modified_gmt":"2023-05-06T09:01:42","slug":"service-title-1","status":"publish","type":"page","link":"https:\/\/nicequynhon.com\/?page_id=1419","title":{"rendered":"Thi\u1ebft k\u1ebf, x\u00e2y d\u1ef1ng c\u00f4ng tr\u00ecnh"},"content":{"rendered":"\n<div class=\"feature-item-content\">\n<p><strong>C\u00f4ng ty TNHH Nice Quy Nh\u01a1n<\/strong> nh\u1eadn thi c\u00f4ng x\u00e2y nh\u00e0 tr\u1ecdn g\u00f3i t\u1ea1i <strong>t\u1ec9nh B\u00ecnh \u0110\u1ecbnh <\/strong>v\u1edbi gi\u00e1 c\u1ea1nh tranh v\u00e0 ch\u1ea5t l\u01b0\u1ee3ng c\u00f4ng tr\u00ecnh lu\u00f4n \u0111\u01b0\u1ee3c c\u00f4ng ty tr\u00fa tr\u1ecdng nh\u1ea5t. C\u00f4ng ty ch\u00fang t\u00f4i lu\u00f4n t\u1ea1o ni\u1ec1m tin cho kh\u00e1ch h\u00e0ng t\u1ea1i B\u00ecnh \u0110\u1ecbnh.<\/p>\n<p>M\u1ed9t s\u1ed1 c\u00f4ng tr\u00ecnh \u0111\u00e3 th\u1ef1c hi\u1ec7n<\/p>\n<p>&nbsp;<\/p>\n<\/div>\n\n\n\n<figure class=\"wp-block-image size-large\"><img loading=\"lazy\" decoding=\"async\" width=\"1024\" height=\"739\" src=\"http:\/\/nicequynhon.com\/wp-content\/uploads\/2023\/05\/345035825_169754342700429_3385642513995376665_n-1024x739.jpg\" alt=\"\" class=\"wp-image-1480\" srcset=\"https:\/\/nicequynhon.com\/wp-content\/uploads\/2023\/05\/345035825_169754342700429_3385642513995376665_n-1024x739.jpg 1024w, https:\/\/nicequynhon.com\/wp-content\/uploads\/2023\/05\/345035825_169754342700429_3385642513995376665_n-300x216.jpg 300w, https:\/\/nicequynhon.com\/wp-content\/uploads\/2023\/05\/345035825_169754342700429_3385642513995376665_n-768x554.jpg 768w, https:\/\/nicequynhon.com\/wp-content\/uploads\/2023\/05\/345035825_169754342700429_3385642513995376665_n-1536x1108.jpg 1536w, https:\/\/nicequynhon.com\/wp-content\/uploads\/2023\/05\/345035825_169754342700429_3385642513995376665_n.jpg 2048w\" sizes=\"auto, (max-width: 1024px) 100vw, 1024px\" \/><\/figure>\n\n\n\n<p><\/p>\n\n\n\n<figure class=\"wp-block-image size-large\"><img loading=\"lazy\" decoding=\"async\" width=\"1024\" height=\"708\" src=\"http:\/\/nicequynhon.com\/wp-content\/uploads\/2023\/05\/344902643_783583560060927_87816019519020921_n-1024x708.jpg\" alt=\"\" class=\"wp-image-1481\" srcset=\"https:\/\/nicequynhon.com\/wp-content\/uploads\/2023\/05\/344902643_783583560060927_87816019519020921_n-1024x708.jpg 1024w, https:\/\/nicequynhon.com\/wp-content\/uploads\/2023\/05\/344902643_783583560060927_87816019519020921_n-300x207.jpg 300w, https:\/\/nicequynhon.com\/wp-content\/uploads\/2023\/05\/344902643_783583560060927_87816019519020921_n-768x531.jpg 768w, https:\/\/nicequynhon.com\/wp-content\/uploads\/2023\/05\/344902643_783583560060927_87816019519020921_n-1536x1061.jpg 1536w, https:\/\/nicequynhon.com\/wp-content\/uploads\/2023\/05\/344902643_783583560060927_87816019519020921_n.jpg 2048w\" sizes=\"auto, (max-width: 1024px) 100vw, 1024px\" \/><\/figure>\n\n\n\n<p><\/p>\n\n\n\n<figure class=\"wp-block-image size-large\"><img loading=\"lazy\" decoding=\"async\" width=\"1024\" height=\"683\" src=\"http:\/\/nicequynhon.com\/wp-content\/uploads\/2023\/05\/327462899_884653789311270_6149501331298169272_n-1024x683.jpg\" alt=\"\" class=\"wp-image-1482\" srcset=\"https:\/\/nicequynhon.com\/wp-content\/uploads\/2023\/05\/327462899_884653789311270_6149501331298169272_n-1024x683.jpg 1024w, https:\/\/nicequynhon.com\/wp-content\/uploads\/2023\/05\/327462899_884653789311270_6149501331298169272_n-300x200.jpg 300w, https:\/\/nicequynhon.com\/wp-content\/uploads\/2023\/05\/327462899_884653789311270_6149501331298169272_n-768x512.jpg 768w, https:\/\/nicequynhon.com\/wp-content\/uploads\/2023\/05\/327462899_884653789311270_6149501331298169272_n-1536x1024.jpg 1536w, https:\/\/nicequynhon.com\/wp-content\/uploads\/2023\/05\/327462899_884653789311270_6149501331298169272_n.jpg 2048w\" sizes=\"auto, (max-width: 1024px) 100vw, 1024px\" \/><\/figure>\n\n\n\n<p><\/p>\n\n\n\n<figure class=\"wp-block-image size-large\"><img loading=\"lazy\" decoding=\"async\" width=\"1024\" height=\"683\" src=\"http:\/\/nicequynhon.com\/wp-content\/uploads\/2023\/05\/327892591_1308665639865729_4328838631029373184_n-1024x683.jpg\" alt=\"\" class=\"wp-image-1483\" srcset=\"https:\/\/nicequynhon.com\/wp-content\/uploads\/2023\/05\/327892591_1308665639865729_4328838631029373184_n-1024x683.jpg 1024w, https:\/\/nicequynhon.com\/wp-content\/uploads\/2023\/05\/327892591_1308665639865729_4328838631029373184_n-300x200.jpg 300w, https:\/\/nicequynhon.com\/wp-content\/uploads\/2023\/05\/327892591_1308665639865729_4328838631029373184_n-768x512.jpg 768w, https:\/\/nicequynhon.com\/wp-content\/uploads\/2023\/05\/327892591_1308665639865729_4328838631029373184_n-1536x1025.jpg 1536w, https:\/\/nicequynhon.com\/wp-content\/uploads\/2023\/05\/327892591_1308665639865729_4328838631029373184_n.jpg 2048w\" sizes=\"auto, (max-width: 1024px) 100vw, 1024px\" \/><\/figure>\n\n\n\n<p><\/p>\n\n\n\n<figure class=\"wp-block-image size-large\"><img loading=\"lazy\" decoding=\"async\" width=\"1024\" height=\"677\" src=\"http:\/\/nicequynhon.com\/wp-content\/uploads\/2023\/05\/344903872_153036581056407_2981273882388683043_n-1024x677.jpg\" alt=\"\" class=\"wp-image-1484\" srcset=\"https:\/\/nicequynhon.com\/wp-content\/uploads\/2023\/05\/344903872_153036581056407_2981273882388683043_n-1024x677.jpg 1024w, https:\/\/nicequynhon.com\/wp-content\/uploads\/2023\/05\/344903872_153036581056407_2981273882388683043_n-300x198.jpg 300w, https:\/\/nicequynhon.com\/wp-content\/uploads\/2023\/05\/344903872_153036581056407_2981273882388683043_n-768x507.jpg 768w, https:\/\/nicequynhon.com\/wp-content\/uploads\/2023\/05\/344903872_153036581056407_2981273882388683043_n-1536x1015.jpg 1536w, https:\/\/nicequynhon.com\/wp-content\/uploads\/2023\/05\/344903872_153036581056407_2981273882388683043_n.jpg 2048w\" sizes=\"auto, (max-width: 1024px) 100vw, 1024px\" \/><\/figure>\n\n\n\n<p><\/p>\n\n\n\n<figure class=\"wp-block-image size-full\"><img loading=\"lazy\" decoding=\"async\" width=\"1024\" height=\"682\" src=\"http:\/\/nicequynhon.com\/wp-content\/uploads\/2023\/05\/athena31.jpg\" alt=\"\" class=\"wp-image-1561\" srcset=\"https:\/\/nicequynhon.com\/wp-content\/uploads\/2023\/05\/athena31.jpg 1024w, https:\/\/nicequynhon.com\/wp-content\/uploads\/2023\/05\/athena31-300x200.jpg 300w, https:\/\/nicequynhon.com\/wp-content\/uploads\/2023\/05\/athena31-768x512.jpg 768w\" sizes=\"auto, (max-width: 1024px) 100vw, 1024px\" \/><\/figure>\n\n\n\n<p><\/p>\n\n\n\n<figure class=\"wp-block-image size-large\"><img loading=\"lazy\" decoding=\"async\" width=\"1024\" height=\"634\" src=\"http:\/\/nicequynhon.com\/wp-content\/uploads\/2023\/05\/Ohana-Village-Quy-Nhon-Binh-Dinh-Resort-Quynhonhotel-toan-canh-1024x634.jpg\" alt=\"\" class=\"wp-image-1562\" srcset=\"https:\/\/nicequynhon.com\/wp-content\/uploads\/2023\/05\/Ohana-Village-Quy-Nhon-Binh-Dinh-Resort-Quynhonhotel-toan-canh-1024x634.jpg 1024w, https:\/\/nicequynhon.com\/wp-content\/uploads\/2023\/05\/Ohana-Village-Quy-Nhon-Binh-Dinh-Resort-Quynhonhotel-toan-canh-300x186.jpg 300w, https:\/\/nicequynhon.com\/wp-content\/uploads\/2023\/05\/Ohana-Village-Quy-Nhon-Binh-Dinh-Resort-Quynhonhotel-toan-canh-768x476.jpg 768w, https:\/\/nicequynhon.com\/wp-content\/uploads\/2023\/05\/Ohana-Village-Quy-Nhon-Binh-Dinh-Resort-Quynhonhotel-toan-canh.jpg 1200w\" sizes=\"auto, (max-width: 1024px) 100vw, 1024px\" \/><\/figure>\n\n\n\n<p><\/p>\n\n\n\n<p><\/p>\n","protected":false},"excerpt":{"rendered":"<p>Morbi in sem quis dui placerat ornare. Pellentesque odio nisi euismod in pharetra a ultricies.<\/p>\n","protected":false},"author":2,"featured_media":0,"parent":0,"menu_order":0,"comment_status":"closed","ping_status":"closed","template":"","meta":{"footnotes":""},"class_list":["post-1419","page","type-page","status-publish","hentry"],"_links":{"self":[{"href":"https:\/\/nicequynhon.com\/index.php?rest_route=\/wp\/v2\/pages\/1419","targetHints":{"allow":["GET"]}}],"collection":[{"href":"https:\/\/nicequynhon.com\/index.php?rest_route=\/wp\/v2\/pages"}],"about":[{"href":"https:\/\/nicequynhon.com\/index.php?rest_route=\/wp\/v2\/types\/page"}],"author":[{"embeddable":true,"href":"https:\/\/nicequynhon.com\/index.php?rest_route=\/wp\/v2\/users\/2"}],"replies":[{"embeddable":true,"href":"https:\/\/nicequynhon.com\/index.php?rest_route=%2Fwp%2Fv2%2Fcomments&post=1419"}],"version-history":[{"count":8,"href":"https:\/\/nicequynhon.com\/index.php?rest_route=\/wp\/v2\/pages\/1419\/revisions"}],"predecessor-version":[{"id":1565,"href":"https:\/\/nicequynhon.com\/index.php?rest_route=\/wp\/v2\/pages\/1419\/revisions\/1565"}],"wp:attachment":[{"href":"https:\/\/nicequynhon.com\/index.php?rest_route=%2Fwp%2Fv2%2Fmedia&parent=1419"}],"curies":[{"name":"wp","href":"https:\/\/api.w.org\/{rel}","templated":true}]}}