{"id":1420,"date":"2016-02-12T08:13:06","date_gmt":"2016-02-12T08:13:06","guid":{"rendered":"http:\/\/demos.famethemes.com\/onepress\/?page_id=24"},"modified":"2023-05-06T08:59:15","modified_gmt":"2023-05-06T08:59:15","slug":"service-title-2","status":"publish","type":"page","link":"https:\/\/nicequynhon.com\/?page_id=1420","title":{"rendered":"Truy\u1ec1n th\u00f4ng \u0111a ph\u01b0\u01a1ng ti\u1ec7n"},"content":{"rendered":"\n<p><\/p>\n\n\n\n<div class=\"feature-item-content\">\n<p>Ch\u1ee5p \u1ea3nh, quay d\u1ef1ng clip, l\u00ean k\u1ebf ho\u1ea1ch truy\u1ec1n th\u00f4ng tr\u00ean m\u1ea1ng x\u00e3 h\u1ed9i v\u1edbi m\u1ee5c ti\u00eau g\u00f3p ph\u1ea7n th\u00fac \u0111\u1ea9y gi\u1edbi thi\u1ec7u, T\u0102NG DOANH S\u1ed0 cho c\u00e1c nh\u00e3n h\u00e0ng<\/p>\n<\/div>\n\n\n\n<figure class=\"wp-block-image size-full\"><img loading=\"lazy\" decoding=\"async\" width=\"960\" height=\"597\" src=\"http:\/\/nicequynhon.com\/wp-content\/uploads\/2023\/05\/26993452_1594448260669440_5038478647492946453_n.jpg\" alt=\"\" class=\"wp-image-1496\" srcset=\"https:\/\/nicequynhon.com\/wp-content\/uploads\/2023\/05\/26993452_1594448260669440_5038478647492946453_n.jpg 960w, https:\/\/nicequynhon.com\/wp-content\/uploads\/2023\/05\/26993452_1594448260669440_5038478647492946453_n-300x187.jpg 300w, https:\/\/nicequynhon.com\/wp-content\/uploads\/2023\/05\/26993452_1594448260669440_5038478647492946453_n-768x478.jpg 768w, https:\/\/nicequynhon.com\/wp-content\/uploads\/2023\/05\/26993452_1594448260669440_5038478647492946453_n-480x300.jpg 480w\" sizes=\"auto, (max-width: 960px) 100vw, 960px\" \/><\/figure>\n\n\n\n<p><\/p>\n\n\n\n<figure class=\"wp-block-image size-large\"><img loading=\"lazy\" decoding=\"async\" width=\"1024\" height=\"683\" src=\"http:\/\/nicequynhon.com\/wp-content\/uploads\/2023\/05\/IMG_5869-1024x683.jpg\" alt=\"\" class=\"wp-image-1510\" srcset=\"https:\/\/nicequynhon.com\/wp-content\/uploads\/2023\/05\/IMG_5869-1024x683.jpg 1024w, https:\/\/nicequynhon.com\/wp-content\/uploads\/2023\/05\/IMG_5869-300x200.jpg 300w, https:\/\/nicequynhon.com\/wp-content\/uploads\/2023\/05\/IMG_5869-768x512.jpg 768w, https:\/\/nicequynhon.com\/wp-content\/uploads\/2023\/05\/IMG_5869-1536x1024.jpg 1536w, https:\/\/nicequynhon.com\/wp-content\/uploads\/2023\/05\/IMG_5869-2048x1365.jpg 2048w\" sizes=\"auto, (max-width: 1024px) 100vw, 1024px\" \/><\/figure>\n\n\n\n<p><\/p>\n\n\n\n<figure class=\"wp-block-image size-large\"><img loading=\"lazy\" decoding=\"async\" width=\"1024\" height=\"485\" src=\"http:\/\/nicequynhon.com\/wp-content\/uploads\/2023\/05\/81238571_10218490231701576_964442383854862336_n-1024x485.jpg\" alt=\"\" class=\"wp-image-1559\" srcset=\"https:\/\/nicequynhon.com\/wp-content\/uploads\/2023\/05\/81238571_10218490231701576_964442383854862336_n-1024x485.jpg 1024w, https:\/\/nicequynhon.com\/wp-content\/uploads\/2023\/05\/81238571_10218490231701576_964442383854862336_n-300x142.jpg 300w, https:\/\/nicequynhon.com\/wp-content\/uploads\/2023\/05\/81238571_10218490231701576_964442383854862336_n-768x364.jpg 768w, https:\/\/nicequynhon.com\/wp-content\/uploads\/2023\/05\/81238571_10218490231701576_964442383854862336_n.jpg 1352w\" sizes=\"auto, (max-width: 1024px) 100vw, 1024px\" \/><\/figure>\n\n\n\n<p><\/p>\n\n\n\n<figure class=\"wp-block-image size-large\"><img loading=\"lazy\" decoding=\"async\" width=\"1024\" height=\"683\" src=\"http:\/\/nicequynhon.com\/wp-content\/uploads\/2023\/05\/CUG_0815-1024x683.jpg\" alt=\"\" class=\"wp-image-1492\" srcset=\"https:\/\/nicequynhon.com\/wp-content\/uploads\/2023\/05\/CUG_0815-1024x683.jpg 1024w, https:\/\/nicequynhon.com\/wp-content\/uploads\/2023\/05\/CUG_0815-300x200.jpg 300w, https:\/\/nicequynhon.com\/wp-content\/uploads\/2023\/05\/CUG_0815-768x512.jpg 768w, https:\/\/nicequynhon.com\/wp-content\/uploads\/2023\/05\/CUG_0815-1536x1024.jpg 1536w, https:\/\/nicequynhon.com\/wp-content\/uploads\/2023\/05\/CUG_0815.jpg 2048w\" sizes=\"auto, (max-width: 1024px) 100vw, 1024px\" \/><\/figure>\n\n\n\n<p><\/p>\n\n\n\n<figure class=\"wp-block-image size-large\"><img loading=\"lazy\" decoding=\"async\" width=\"1024\" height=\"683\" src=\"http:\/\/nicequynhon.com\/wp-content\/uploads\/2023\/05\/57870553_2539930322693477_7704089929273311232_o-1024x683.jpg\" alt=\"\" class=\"wp-image-1494\" srcset=\"https:\/\/nicequynhon.com\/wp-content\/uploads\/2023\/05\/57870553_2539930322693477_7704089929273311232_o-1024x683.jpg 1024w, https:\/\/nicequynhon.com\/wp-content\/uploads\/2023\/05\/57870553_2539930322693477_7704089929273311232_o-300x200.jpg 300w, https:\/\/nicequynhon.com\/wp-content\/uploads\/2023\/05\/57870553_2539930322693477_7704089929273311232_o-768x512.jpg 768w, https:\/\/nicequynhon.com\/wp-content\/uploads\/2023\/05\/57870553_2539930322693477_7704089929273311232_o-1536x1024.jpg 1536w, https:\/\/nicequynhon.com\/wp-content\/uploads\/2023\/05\/57870553_2539930322693477_7704089929273311232_o.jpg 1944w\" sizes=\"auto, (max-width: 1024px) 100vw, 1024px\" \/><\/figure>\n\n\n\n<p><\/p>\n\n\n\n<figure class=\"wp-block-image size-large is-resized\"><img loading=\"lazy\" decoding=\"async\" src=\"http:\/\/nicequynhon.com\/wp-content\/uploads\/2023\/05\/20x30-1024x671.jpg\" alt=\"\" class=\"wp-image-1495\" width=\"840\" height=\"550\" srcset=\"https:\/\/nicequynhon.com\/wp-content\/uploads\/2023\/05\/20x30-1024x671.jpg 1024w, https:\/\/nicequynhon.com\/wp-content\/uploads\/2023\/05\/20x30-300x197.jpg 300w, https:\/\/nicequynhon.com\/wp-content\/uploads\/2023\/05\/20x30-768x504.jpg 768w, https:\/\/nicequynhon.com\/wp-content\/uploads\/2023\/05\/20x30-1536x1007.jpg 1536w, https:\/\/nicequynhon.com\/wp-content\/uploads\/2023\/05\/20x30-2048x1343.jpg 2048w\" sizes=\"auto, (max-width: 840px) 100vw, 840px\" \/><\/figure>\n\n\n\n<p><\/p>\n\n\n\n<figure class=\"wp-block-image size-large\"><img loading=\"lazy\" decoding=\"async\" width=\"1024\" height=\"682\" src=\"http:\/\/nicequynhon.com\/wp-content\/uploads\/2023\/05\/HUU_1562-1024x682.jpg\" alt=\"\" class=\"wp-image-1497\" srcset=\"https:\/\/nicequynhon.com\/wp-content\/uploads\/2023\/05\/HUU_1562-1024x682.jpg 1024w, https:\/\/nicequynhon.com\/wp-content\/uploads\/2023\/05\/HUU_1562-300x200.jpg 300w, https:\/\/nicequynhon.com\/wp-content\/uploads\/2023\/05\/HUU_1562-768x511.jpg 768w, https:\/\/nicequynhon.com\/wp-content\/uploads\/2023\/05\/HUU_1562-1536x1022.jpg 1536w, https:\/\/nicequynhon.com\/wp-content\/uploads\/2023\/05\/HUU_1562-2048x1363.jpg 2048w\" sizes=\"auto, (max-width: 1024px) 100vw, 1024px\" \/><\/figure>\n\n\n\n<p><\/p>\n\n\n\n<figure class=\"wp-block-image size-large\"><img loading=\"lazy\" decoding=\"async\" width=\"1024\" height=\"683\" src=\"http:\/\/nicequynhon.com\/wp-content\/uploads\/2023\/05\/IMG_9392-1024x683.jpg\" alt=\"\" class=\"wp-image-1552\" srcset=\"https:\/\/nicequynhon.com\/wp-content\/uploads\/2023\/05\/IMG_9392-1024x683.jpg 1024w, https:\/\/nicequynhon.com\/wp-content\/uploads\/2023\/05\/IMG_9392-300x200.jpg 300w, https:\/\/nicequynhon.com\/wp-content\/uploads\/2023\/05\/IMG_9392-768x512.jpg 768w, https:\/\/nicequynhon.com\/wp-content\/uploads\/2023\/05\/IMG_9392-1536x1024.jpg 1536w, https:\/\/nicequynhon.com\/wp-content\/uploads\/2023\/05\/IMG_9392-2048x1365.jpg 2048w\" sizes=\"auto, (max-width: 1024px) 100vw, 1024px\" \/><\/figure>\n\n\n\n<p><\/p>\n\n\n\n<figure class=\"wp-block-image size-large\"><img loading=\"lazy\" decoding=\"async\" width=\"1024\" height=\"576\" src=\"http:\/\/nicequynhon.com\/wp-content\/uploads\/2023\/05\/82868864_10219976285251986_3846607094941293748_n-1024x576.jpg\" alt=\"\" class=\"wp-image-1557\" srcset=\"https:\/\/nicequynhon.com\/wp-content\/uploads\/2023\/05\/82868864_10219976285251986_3846607094941293748_n-1024x576.jpg 1024w, https:\/\/nicequynhon.com\/wp-content\/uploads\/2023\/05\/82868864_10219976285251986_3846607094941293748_n-300x169.jpg 300w, https:\/\/nicequynhon.com\/wp-content\/uploads\/2023\/05\/82868864_10219976285251986_3846607094941293748_n-768x432.jpg 768w, https:\/\/nicequynhon.com\/wp-content\/uploads\/2023\/05\/82868864_10219976285251986_3846607094941293748_n-1536x864.jpg 1536w, https:\/\/nicequynhon.com\/wp-content\/uploads\/2023\/05\/82868864_10219976285251986_3846607094941293748_n.jpg 2048w\" sizes=\"auto, (max-width: 1024px) 100vw, 1024px\" \/><\/figure>\n","protected":false},"excerpt":{"rendered":"<p>Morbi in sem quis dui placerat ornare. Pellentesque odio nisi euismod in pharetra a ultricies.<\/p>\n","protected":false},"author":2,"featured_media":0,"parent":0,"menu_order":0,"comment_status":"closed","ping_status":"closed","template":"","meta":{"footnotes":""},"class_list":["post-1420","page","type-page","status-publish","hentry"],"_links":{"self":[{"href":"https:\/\/nicequynhon.com\/index.php?rest_route=\/wp\/v2\/pages\/1420","targetHints":{"allow":["GET"]}}],"collection":[{"href":"https:\/\/nicequynhon.com\/index.php?rest_route=\/wp\/v2\/pages"}],"about":[{"href":"https:\/\/nicequynhon.com\/index.php?rest_route=\/wp\/v2\/types\/page"}],"author":[{"embeddable":true,"href":"https:\/\/nicequynhon.com\/index.php?rest_route=\/wp\/v2\/users\/2"}],"replies":[{"embeddable":true,"href":"https:\/\/nicequynhon.com\/index.php?rest_route=%2Fwp%2Fv2%2Fcomments&post=1420"}],"version-history":[{"count":7,"href":"https:\/\/nicequynhon.com\/index.php?rest_route=\/wp\/v2\/pages\/1420\/revisions"}],"predecessor-version":[{"id":1560,"href":"https:\/\/nicequynhon.com\/index.php?rest_route=\/wp\/v2\/pages\/1420\/revisions\/1560"}],"wp:attachment":[{"href":"https:\/\/nicequynhon.com\/index.php?rest_route=%2Fwp%2Fv2%2Fmedia&parent=1420"}],"curies":[{"name":"wp","href":"https:\/\/api.w.org\/{rel}","templated":true}]}}