{"id":1421,"date":"2016-02-12T08:13:22","date_gmt":"2016-02-12T08:13:22","guid":{"rendered":"http:\/\/demos.famethemes.com\/onepress\/?page_id=25"},"modified":"2023-05-06T08:50:58","modified_gmt":"2023-05-06T08:50:58","slug":"service-title-3","status":"publish","type":"page","link":"https:\/\/nicequynhon.com\/?page_id=1421","title":{"rendered":"\u0110\u1ed3 l\u01b0u ni\u1ec7m Quy Nh\u01a1n"},"content":{"rendered":"\n<div class=\"feature-item-content\">\n<p>V\u1edbi c\u00e1c c\u1eeda h\u00e0ng \u1edf Khu du l\u1ecbch FLC Quy Nh\u01a1n, FLC Safari Parks\u2026, ch\u00fang t\u00f4i chuy\u00ean cung c\u1ea5p d\u1ecbch v\u1ee5 ch\u1ee5p v\u00e0 in \u1ea3nh l\u1ea5y li\u1ec1n ph\u1ee5c v\u1ee5 kh\u00e1ch du l\u1ecbch<\/p>\n<\/div>\n\n\n\n\n<figure class=\"wp-block-image size-large\"><img loading=\"lazy\" decoding=\"async\" width=\"1024\" height=\"768\" src=\"http:\/\/nicequynhon.com\/wp-content\/uploads\/2023\/05\/50335263_10215934446928554_4731490501901942784_n-1024x768.jpg\" alt=\"\" class=\"wp-image-1545\" srcset=\"https:\/\/nicequynhon.com\/wp-content\/uploads\/2023\/05\/50335263_10215934446928554_4731490501901942784_n-1024x768.jpg 1024w, https:\/\/nicequynhon.com\/wp-content\/uploads\/2023\/05\/50335263_10215934446928554_4731490501901942784_n-300x225.jpg 300w, https:\/\/nicequynhon.com\/wp-content\/uploads\/2023\/05\/50335263_10215934446928554_4731490501901942784_n-768x576.jpg 768w, https:\/\/nicequynhon.com\/wp-content\/uploads\/2023\/05\/50335263_10215934446928554_4731490501901942784_n-1536x1152.jpg 1536w, https:\/\/nicequynhon.com\/wp-content\/uploads\/2023\/05\/50335263_10215934446928554_4731490501901942784_n.jpg 2048w\" sizes=\"auto, (max-width: 1024px) 100vw, 1024px\" \/><\/figure>\n\n\n\n<p><\/p>\n\n\n\n<figure class=\"wp-block-image size-large\"><img loading=\"lazy\" decoding=\"async\" width=\"1024\" height=\"683\" src=\"http:\/\/nicequynhon.com\/wp-content\/uploads\/2023\/05\/42855807_10215179579497340_485449441818443776_n-1024x683.jpg\" alt=\"\" class=\"wp-image-1546\" srcset=\"https:\/\/nicequynhon.com\/wp-content\/uploads\/2023\/05\/42855807_10215179579497340_485449441818443776_n-1024x683.jpg 1024w, https:\/\/nicequynhon.com\/wp-content\/uploads\/2023\/05\/42855807_10215179579497340_485449441818443776_n-300x200.jpg 300w, https:\/\/nicequynhon.com\/wp-content\/uploads\/2023\/05\/42855807_10215179579497340_485449441818443776_n-768x512.jpg 768w, https:\/\/nicequynhon.com\/wp-content\/uploads\/2023\/05\/42855807_10215179579497340_485449441818443776_n-1536x1024.jpg 1536w, https:\/\/nicequynhon.com\/wp-content\/uploads\/2023\/05\/42855807_10215179579497340_485449441818443776_n.jpg 1572w\" sizes=\"auto, (max-width: 1024px) 100vw, 1024px\" \/><\/figure>\n\n\n\n<p><\/p>\n\n\n\n<figure class=\"wp-block-image size-large\"><img loading=\"lazy\" decoding=\"async\" width=\"683\" height=\"1024\" src=\"http:\/\/nicequynhon.com\/wp-content\/uploads\/2023\/05\/MG_7352-683x1024.jpg\" alt=\"\" class=\"wp-image-1505\" srcset=\"https:\/\/nicequynhon.com\/wp-content\/uploads\/2023\/05\/MG_7352-683x1024.jpg 683w, https:\/\/nicequynhon.com\/wp-content\/uploads\/2023\/05\/MG_7352-200x300.jpg 200w, https:\/\/nicequynhon.com\/wp-content\/uploads\/2023\/05\/MG_7352-768x1152.jpg 768w, https:\/\/nicequynhon.com\/wp-content\/uploads\/2023\/05\/MG_7352-1024x1536.jpg 1024w, https:\/\/nicequynhon.com\/wp-content\/uploads\/2023\/05\/MG_7352-1365x2048.jpg 1365w, https:\/\/nicequynhon.com\/wp-content\/uploads\/2023\/05\/MG_7352-scaled.jpg 1707w\" sizes=\"auto, (max-width: 683px) 100vw, 683px\" \/><\/figure>\n\n\n\n<p><\/p>\n\n\n\n<p><\/p>\n\n\n\n<figure class=\"wp-block-image size-large\"><img loading=\"lazy\" decoding=\"async\" width=\"1024\" height=\"1024\" src=\"http:\/\/nicequynhon.com\/wp-content\/uploads\/2023\/05\/Ly-NiceQuyNhon-1024x1024.jpg\" alt=\"\" class=\"wp-image-1507\" srcset=\"https:\/\/nicequynhon.com\/wp-content\/uploads\/2023\/05\/Ly-NiceQuyNhon-1024x1024.jpg 1024w, https:\/\/nicequynhon.com\/wp-content\/uploads\/2023\/05\/Ly-NiceQuyNhon-300x300.jpg 300w, https:\/\/nicequynhon.com\/wp-content\/uploads\/2023\/05\/Ly-NiceQuyNhon-150x150.jpg 150w, https:\/\/nicequynhon.com\/wp-content\/uploads\/2023\/05\/Ly-NiceQuyNhon-768x768.jpg 768w, https:\/\/nicequynhon.com\/wp-content\/uploads\/2023\/05\/Ly-NiceQuyNhon.jpg 1280w\" sizes=\"auto, (max-width: 1024px) 100vw, 1024px\" \/><\/figure>\n\n\n\n<p><\/p>\n\n\n\n<figure class=\"wp-block-image size-large\"><img loading=\"lazy\" decoding=\"async\" width=\"1024\" height=\"576\" src=\"http:\/\/nicequynhon.com\/wp-content\/uploads\/2023\/05\/HappyBirthday-2-1024x576.jpg\" alt=\"\" class=\"wp-image-1506\" srcset=\"https:\/\/nicequynhon.com\/wp-content\/uploads\/2023\/05\/HappyBirthday-2-1024x576.jpg 1024w, https:\/\/nicequynhon.com\/wp-content\/uploads\/2023\/05\/HappyBirthday-2-300x169.jpg 300w, https:\/\/nicequynhon.com\/wp-content\/uploads\/2023\/05\/HappyBirthday-2-768x432.jpg 768w, https:\/\/nicequynhon.com\/wp-content\/uploads\/2023\/05\/HappyBirthday-2-1536x864.jpg 1536w, https:\/\/nicequynhon.com\/wp-content\/uploads\/2023\/05\/HappyBirthday-2-2048x1152.jpg 2048w\" sizes=\"auto, (max-width: 1024px) 100vw, 1024px\" \/><\/figure>\n\n\n\n<p><\/p>\n\n\n\n<p><\/p>\n\n\n\n<figure class=\"wp-block-image size-large\"><img loading=\"lazy\" decoding=\"async\" width=\"683\" height=\"1024\" src=\"http:\/\/nicequynhon.com\/wp-content\/uploads\/2023\/05\/MG_7464-683x1024.jpg\" alt=\"\" class=\"wp-image-1504\" srcset=\"https:\/\/nicequynhon.com\/wp-content\/uploads\/2023\/05\/MG_7464-683x1024.jpg 683w, https:\/\/nicequynhon.com\/wp-content\/uploads\/2023\/05\/MG_7464-200x300.jpg 200w, https:\/\/nicequynhon.com\/wp-content\/uploads\/2023\/05\/MG_7464-768x1152.jpg 768w, https:\/\/nicequynhon.com\/wp-content\/uploads\/2023\/05\/MG_7464-1024x1536.jpg 1024w, https:\/\/nicequynhon.com\/wp-content\/uploads\/2023\/05\/MG_7464-1365x2048.jpg 1365w, https:\/\/nicequynhon.com\/wp-content\/uploads\/2023\/05\/MG_7464-scaled.jpg 1707w\" sizes=\"auto, (max-width: 683px) 100vw, 683px\" \/><\/figure>\n","protected":false},"excerpt":{"rendered":"<p>Morbi in sem quis dui placerat ornare. Pellentesque odio nisi euismod in pharetra a ultricies.<\/p>\n","protected":false},"author":2,"featured_media":0,"parent":0,"menu_order":0,"comment_status":"closed","ping_status":"closed","template":"","meta":{"footnotes":""},"class_list":["post-1421","page","type-page","status-publish","hentry"],"_links":{"self":[{"href":"https:\/\/nicequynhon.com\/index.php?rest_route=\/wp\/v2\/pages\/1421","targetHints":{"allow":["GET"]}}],"collection":[{"href":"https:\/\/nicequynhon.com\/index.php?rest_route=\/wp\/v2\/pages"}],"about":[{"href":"https:\/\/nicequynhon.com\/index.php?rest_route=\/wp\/v2\/types\/page"}],"author":[{"embeddable":true,"href":"https:\/\/nicequynhon.com\/index.php?rest_route=\/wp\/v2\/users\/2"}],"replies":[{"embeddable":true,"href":"https:\/\/nicequynhon.com\/index.php?rest_route=%2Fwp%2Fv2%2Fcomments&post=1421"}],"version-history":[{"count":3,"href":"https:\/\/nicequynhon.com\/index.php?rest_route=\/wp\/v2\/pages\/1421\/revisions"}],"predecessor-version":[{"id":1548,"href":"https:\/\/nicequynhon.com\/index.php?rest_route=\/wp\/v2\/pages\/1421\/revisions\/1548"}],"wp:attachment":[{"href":"https:\/\/nicequynhon.com\/index.php?rest_route=%2Fwp%2Fv2%2Fmedia&parent=1421"}],"curies":[{"name":"wp","href":"https:\/\/api.w.org\/{rel}","templated":true}]}}