{"id":1422,"date":"2016-02-12T08:13:33","date_gmt":"2016-02-12T08:13:33","guid":{"rendered":"http:\/\/demos.famethemes.com\/onepress\/?page_id=26"},"modified":"2023-05-06T08:51:18","modified_gmt":"2023-05-06T08:51:18","slug":"service-title-4","status":"publish","type":"page","link":"https:\/\/nicequynhon.com\/?page_id=1422","title":{"rendered":"Ph\u00f2ng ch\u1ed1ng m\u1ed1i v\u00e0 c\u00f4n tr\u00f9ng"},"content":{"rendered":"\n<p>D\u1ecbch v\u1ee5 ph\u00f2ng ch\u1ed1ng m\u1ed1i v\u00e0 c\u00f4n tr\u00f9ng g\u00e2y h\u1ea1i cho c\u00e1c c\u00f4ng tr\u00ecnh x\u00e2y d\u1ef1ng (m\u1edbi v\u00e0 c\u0169) trong v\u00e0 ngo\u00e0i t\u1ec9nh, uy t\u00edn, ch\u1ea5t l\u01b0\u1ee3ng.<\/p>\n<p>M\u1ed9t s\u1ed1 c\u00f4ng tr\u00ecnh \u0111\u00e3 th\u1ef1c hi\u1ec7n:<\/p>\n\n\n\n<figure class=\"wp-block-image size-large\"><img loading=\"lazy\" decoding=\"async\" width=\"1024\" height=\"768\" src=\"http:\/\/nicequynhon.com\/wp-content\/uploads\/2023\/05\/327792656_534647618804863_6704338464730828671_n-1024x768.jpg\" alt=\"\" class=\"wp-image-1514\" srcset=\"https:\/\/nicequynhon.com\/wp-content\/uploads\/2023\/05\/327792656_534647618804863_6704338464730828671_n-1024x768.jpg 1024w, https:\/\/nicequynhon.com\/wp-content\/uploads\/2023\/05\/327792656_534647618804863_6704338464730828671_n-300x225.jpg 300w, https:\/\/nicequynhon.com\/wp-content\/uploads\/2023\/05\/327792656_534647618804863_6704338464730828671_n-768x576.jpg 768w, https:\/\/nicequynhon.com\/wp-content\/uploads\/2023\/05\/327792656_534647618804863_6704338464730828671_n-1536x1152.jpg 1536w, https:\/\/nicequynhon.com\/wp-content\/uploads\/2023\/05\/327792656_534647618804863_6704338464730828671_n.jpg 2048w\" sizes=\"auto, (max-width: 1024px) 100vw, 1024px\" \/><\/figure>\n\n\n\n<p><\/p>\n\n\n\n<figure class=\"wp-block-image size-large\"><img loading=\"lazy\" decoding=\"async\" width=\"1024\" height=\"577\" src=\"http:\/\/nicequynhon.com\/wp-content\/uploads\/2023\/05\/327768539_662450919014008_3129509531918279166_n-1024x577.jpg\" alt=\"\" class=\"wp-image-1479\" srcset=\"https:\/\/nicequynhon.com\/wp-content\/uploads\/2023\/05\/327768539_662450919014008_3129509531918279166_n-1024x577.jpg 1024w, https:\/\/nicequynhon.com\/wp-content\/uploads\/2023\/05\/327768539_662450919014008_3129509531918279166_n-300x169.jpg 300w, https:\/\/nicequynhon.com\/wp-content\/uploads\/2023\/05\/327768539_662450919014008_3129509531918279166_n-768x432.jpg 768w, https:\/\/nicequynhon.com\/wp-content\/uploads\/2023\/05\/327768539_662450919014008_3129509531918279166_n-1536x865.jpg 1536w, https:\/\/nicequynhon.com\/wp-content\/uploads\/2023\/05\/327768539_662450919014008_3129509531918279166_n.jpg 2048w\" sizes=\"auto, (max-width: 1024px) 100vw, 1024px\" \/><\/figure>\n\n\n\n<p><\/p>\n\n\n\n<figure class=\"wp-block-image size-large is-resized\"><img loading=\"lazy\" decoding=\"async\" src=\"http:\/\/nicequynhon.com\/wp-content\/uploads\/2023\/05\/150782483_106081311525178_3484556158909402793_n-1021x1024.jpg\" alt=\"\" class=\"wp-image-1515\" width=\"840\" height=\"842\" srcset=\"https:\/\/nicequynhon.com\/wp-content\/uploads\/2023\/05\/150782483_106081311525178_3484556158909402793_n-1021x1024.jpg 1021w, https:\/\/nicequynhon.com\/wp-content\/uploads\/2023\/05\/150782483_106081311525178_3484556158909402793_n-300x300.jpg 300w, https:\/\/nicequynhon.com\/wp-content\/uploads\/2023\/05\/150782483_106081311525178_3484556158909402793_n-150x150.jpg 150w, https:\/\/nicequynhon.com\/wp-content\/uploads\/2023\/05\/150782483_106081311525178_3484556158909402793_n-768x770.jpg 768w, https:\/\/nicequynhon.com\/wp-content\/uploads\/2023\/05\/150782483_106081311525178_3484556158909402793_n-1532x1536.jpg 1532w, https:\/\/nicequynhon.com\/wp-content\/uploads\/2023\/05\/150782483_106081311525178_3484556158909402793_n.jpg 2010w\" sizes=\"auto, (max-width: 840px) 100vw, 840px\" \/><\/figure>\n\n\n\n<p><\/p>\n\n\n\n<figure class=\"wp-block-image size-large\"><img loading=\"lazy\" decoding=\"async\" width=\"1024\" height=\"768\" src=\"http:\/\/nicequynhon.com\/wp-content\/uploads\/2023\/05\/313883959_507354388099614_4230070226227500000_n-1024x768.jpg\" alt=\"\" class=\"wp-image-1520\" srcset=\"https:\/\/nicequynhon.com\/wp-content\/uploads\/2023\/05\/313883959_507354388099614_4230070226227500000_n-1024x768.jpg 1024w, https:\/\/nicequynhon.com\/wp-content\/uploads\/2023\/05\/313883959_507354388099614_4230070226227500000_n-300x225.jpg 300w, https:\/\/nicequynhon.com\/wp-content\/uploads\/2023\/05\/313883959_507354388099614_4230070226227500000_n-768x576.jpg 768w, https:\/\/nicequynhon.com\/wp-content\/uploads\/2023\/05\/313883959_507354388099614_4230070226227500000_n-1536x1152.jpg 1536w, https:\/\/nicequynhon.com\/wp-content\/uploads\/2023\/05\/313883959_507354388099614_4230070226227500000_n.jpg 2048w\" sizes=\"auto, (max-width: 1024px) 100vw, 1024px\" \/><\/figure>\n\n\n\n<p><\/p>\n\n\n\n<figure class=\"wp-block-image size-large\"><img loading=\"lazy\" decoding=\"async\" width=\"1024\" height=\"768\" src=\"http:\/\/nicequynhon.com\/wp-content\/uploads\/2023\/05\/316305412_519146253587094_2126629856346067458_n-1024x768.jpg\" alt=\"\" class=\"wp-image-1521\" srcset=\"https:\/\/nicequynhon.com\/wp-content\/uploads\/2023\/05\/316305412_519146253587094_2126629856346067458_n-1024x768.jpg 1024w, https:\/\/nicequynhon.com\/wp-content\/uploads\/2023\/05\/316305412_519146253587094_2126629856346067458_n-300x225.jpg 300w, https:\/\/nicequynhon.com\/wp-content\/uploads\/2023\/05\/316305412_519146253587094_2126629856346067458_n-768x576.jpg 768w, https:\/\/nicequynhon.com\/wp-content\/uploads\/2023\/05\/316305412_519146253587094_2126629856346067458_n-1536x1152.jpg 1536w, https:\/\/nicequynhon.com\/wp-content\/uploads\/2023\/05\/316305412_519146253587094_2126629856346067458_n.jpg 2048w\" sizes=\"auto, (max-width: 1024px) 100vw, 1024px\" \/><\/figure>\n\n\n\n<p><\/p>\n\n\n\n<figure class=\"wp-block-image size-large\"><img loading=\"lazy\" decoding=\"async\" width=\"1024\" height=\"683\" src=\"http:\/\/nicequynhon.com\/wp-content\/uploads\/2023\/05\/185159075_4011079808975524_5552610174960177415_n-1024x683.jpg\" alt=\"\" class=\"wp-image-1524\" srcset=\"https:\/\/nicequynhon.com\/wp-content\/uploads\/2023\/05\/185159075_4011079808975524_5552610174960177415_n-1024x683.jpg 1024w, https:\/\/nicequynhon.com\/wp-content\/uploads\/2023\/05\/185159075_4011079808975524_5552610174960177415_n-300x200.jpg 300w, https:\/\/nicequynhon.com\/wp-content\/uploads\/2023\/05\/185159075_4011079808975524_5552610174960177415_n-768x512.jpg 768w, https:\/\/nicequynhon.com\/wp-content\/uploads\/2023\/05\/185159075_4011079808975524_5552610174960177415_n-1536x1024.jpg 1536w, https:\/\/nicequynhon.com\/wp-content\/uploads\/2023\/05\/185159075_4011079808975524_5552610174960177415_n.jpg 2048w\" sizes=\"auto, (max-width: 1024px) 100vw, 1024px\" \/><\/figure>\n\n\n\n<p><\/p>\n\n\n\n<figure class=\"wp-block-image size-large\"><img loading=\"lazy\" decoding=\"async\" width=\"1024\" height=\"713\" src=\"http:\/\/nicequynhon.com\/wp-content\/uploads\/2023\/05\/185230692_4011079748975530_6077324358080091285_n-1024x713.jpg\" alt=\"\" class=\"wp-image-1525\" srcset=\"https:\/\/nicequynhon.com\/wp-content\/uploads\/2023\/05\/185230692_4011079748975530_6077324358080091285_n-1024x713.jpg 1024w, https:\/\/nicequynhon.com\/wp-content\/uploads\/2023\/05\/185230692_4011079748975530_6077324358080091285_n-300x209.jpg 300w, https:\/\/nicequynhon.com\/wp-content\/uploads\/2023\/05\/185230692_4011079748975530_6077324358080091285_n-768x534.jpg 768w, https:\/\/nicequynhon.com\/wp-content\/uploads\/2023\/05\/185230692_4011079748975530_6077324358080091285_n-1536x1069.jpg 1536w, https:\/\/nicequynhon.com\/wp-content\/uploads\/2023\/05\/185230692_4011079748975530_6077324358080091285_n.jpg 2048w\" sizes=\"auto, (max-width: 1024px) 100vw, 1024px\" \/><\/figure>\n\n\n\n<figure class=\"wp-block-image size-full\"><img loading=\"lazy\" decoding=\"async\" width=\"1024\" height=\"620\" src=\"http:\/\/nicequynhon.com\/wp-content\/uploads\/2023\/05\/Anh-1-1024x620-1.jpg\" alt=\"\" class=\"wp-image-1516\" srcset=\"https:\/\/nicequynhon.com\/wp-content\/uploads\/2023\/05\/Anh-1-1024x620-1.jpg 1024w, https:\/\/nicequynhon.com\/wp-content\/uploads\/2023\/05\/Anh-1-1024x620-1-300x182.jpg 300w, https:\/\/nicequynhon.com\/wp-content\/uploads\/2023\/05\/Anh-1-1024x620-1-768x465.jpg 768w\" sizes=\"auto, (max-width: 1024px) 100vw, 1024px\" \/><\/figure>\n","protected":false},"excerpt":{"rendered":"<p>Morbi in sem quis dui placerat ornare. Pellentesque odio nisi euismod in pharetra a ultricies.<\/p>\n","protected":false},"author":2,"featured_media":0,"parent":0,"menu_order":0,"comment_status":"closed","ping_status":"closed","template":"","meta":{"footnotes":""},"class_list":["post-1422","page","type-page","status-publish","hentry"],"_links":{"self":[{"href":"https:\/\/nicequynhon.com\/index.php?rest_route=\/wp\/v2\/pages\/1422","targetHints":{"allow":["GET"]}}],"collection":[{"href":"https:\/\/nicequynhon.com\/index.php?rest_route=\/wp\/v2\/pages"}],"about":[{"href":"https:\/\/nicequynhon.com\/index.php?rest_route=\/wp\/v2\/types\/page"}],"author":[{"embeddable":true,"href":"https:\/\/nicequynhon.com\/index.php?rest_route=\/wp\/v2\/users\/2"}],"replies":[{"embeddable":true,"href":"https:\/\/nicequynhon.com\/index.php?rest_route=%2Fwp%2Fv2%2Fcomments&post=1422"}],"version-history":[{"count":7,"href":"https:\/\/nicequynhon.com\/index.php?rest_route=\/wp\/v2\/pages\/1422\/revisions"}],"predecessor-version":[{"id":1549,"href":"https:\/\/nicequynhon.com\/index.php?rest_route=\/wp\/v2\/pages\/1422\/revisions\/1549"}],"wp:attachment":[{"href":"https:\/\/nicequynhon.com\/index.php?rest_route=%2Fwp%2Fv2%2Fmedia&parent=1422"}],"curies":[{"name":"wp","href":"https:\/\/api.w.org\/{rel}","templated":true}]}}